{"id":210,"date":"2024-08-01T11:49:52","date_gmt":"2024-08-01T11:49:52","guid":{"rendered":"https:\/\/abilitytohelp.com\/?page_id=210"},"modified":"2025-04-15T14:41:20","modified_gmt":"2025-04-15T14:41:20","slug":"careers","status":"publish","type":"page","link":"https:\/\/www.abilitytohelp.com\/es\/careers\/","title":{"rendered":"Carreras"},"content":{"rendered":"<div data-elementor-type=\"wp-page\" data-elementor-id=\"210\" class=\"elementor elementor-210\" data-elementor-settings=\"{&quot;ha_cmc_init_switcher&quot;:&quot;no&quot;}\" data-elementor-post-type=\"page\">\n\t\t\t\t\t\t<section class=\"elementor-section elementor-top-section elementor-element elementor-element-31e2dfb scheme_dark elementor-section-height-min-height sc_layouts_hide_on_wide sc_layouts_hide_on_desktop sc_layouts_hide_on_notebook elementor-section-boxed elementor-section-height-default elementor-section-items-middle sc_fly_static\" data-id=\"31e2dfb\" data-element_type=\"section\" data-e-type=\"section\" data-settings=\"{&quot;background_background&quot;:&quot;classic&quot;,&quot;_ha_eqh_enable&quot;:false}\">\n\t\t\t\t\t\t<div class=\"elementor-container elementor-column-gap-default\">\n\t\t\t\t\t<div class=\"elementor-column elementor-col-100 elementor-top-column elementor-element elementor-element-d29c26f sc_layouts_column_align_right sc_layouts_column sc-mobile_layouts_column_align_left sc_layouts_column sc_content_align_inherit sc_layouts_column_icons_position_left sc_fly_static\" data-id=\"d29c26f\" data-element_type=\"column\" data-e-type=\"column\">\n\t\t\t<div class=\"elementor-widget-wrap\">\n\t\t\t\t\t\t\t<\/div>\n\t\t<\/div>\n\t\t\t\t\t<\/div>\n\t\t<\/section>\n\t\t\t\t<section class=\"elementor-section elementor-top-section elementor-element elementor-element-4e91b56 elementor-section-boxed elementor-section-height-default elementor-section-height-default sc_fly_static\" data-id=\"4e91b56\" data-element_type=\"section\" data-e-type=\"section\" data-settings=\"{&quot;_ha_eqh_enable&quot;:false}\">\n\t\t\t\t\t\t<div class=\"elementor-container elementor-column-gap-extended\">\n\t\t\t\t\t<div class=\"elementor-column elementor-col-100 elementor-top-column elementor-element elementor-element-eb64ba3 sc_content_align_inherit sc_layouts_column_icons_position_left sc_fly_static\" data-id=\"eb64ba3\" data-element_type=\"column\" data-e-type=\"column\">\n\t\t\t<div class=\"elementor-widget-wrap elementor-element-populated\">\n\t\t\t\t\t\t<div class=\"elementor-element elementor-element-400ff7c elementor-headline--style-highlight sc_fly_static elementor-widget elementor-widget-animated-headline\" data-id=\"400ff7c\" data-element_type=\"widget\" data-e-type=\"widget\" data-settings=\"{&quot;marker&quot;:&quot;underline&quot;,&quot;highlighted_text&quot;:&quot;Careers&quot;,&quot;headline_style&quot;:&quot;highlight&quot;,&quot;loop&quot;:&quot;yes&quot;,&quot;highlight_animation_duration&quot;:1200,&quot;highlight_iteration_delay&quot;:8000}\" data-widget_type=\"animated-headline.default\">\n\t\t\t\t<div class=\"elementor-widget-container\">\n\t\t\t\t\t\t\t<h3 class=\"elementor-headline\">\n\t\t\t\t<span class=\"elementor-headline-dynamic-wrapper elementor-headline-text-wrapper\">\n\t\t\t\t\t<span class=\"elementor-headline-dynamic-text elementor-headline-text-active\">Carreras<\/span>\n\t\t\t\t<\/span>\n\t\t\t\t<\/h3>\n\t\t\t\t\t\t<\/div>\n\t\t\t\t<\/div>\n\t\t\t\t<div class=\"elementor-element elementor-element-e9d08d4 sc_fly_static elementor-widget elementor-widget-text-editor\" data-id=\"e9d08d4\" data-element_type=\"widget\" data-e-type=\"widget\" data-widget_type=\"text-editor.default\">\n\t\t\t\t<div class=\"elementor-widget-container\">\n\t\t\t\t\t\t\t\t\t<p>\u00a1Tu carrera comienza aqu\u00ed!<\/p>\t\t\t\t\t\t\t\t<\/div>\n\t\t\t\t<\/div>\n\t\t\t\t\t<\/div>\n\t\t<\/div>\n\t\t\t\t\t<\/div>\n\t\t<\/section>\n\t\t\t\t<section class=\"elementor-section elementor-top-section elementor-element elementor-element-b73c227 elementor-section-boxed elementor-section-height-default elementor-section-height-default sc_fly_static\" data-id=\"b73c227\" data-element_type=\"section\" data-e-type=\"section\" data-settings=\"{&quot;_ha_eqh_enable&quot;:false}\">\n\t\t\t\t\t\t<div class=\"elementor-container elementor-column-gap-extended\">\n\t\t\t\t\t<div class=\"elementor-column elementor-col-50 elementor-top-column elementor-element elementor-element-8e83c5a sc_content_align_inherit sc_layouts_column_icons_position_left sc_fly_static\" data-id=\"8e83c5a\" data-element_type=\"column\" data-e-type=\"column\">\n\t\t\t<div class=\"elementor-widget-wrap elementor-element-populated\">\n\t\t\t\t\t\t<div class=\"elementor-element elementor-element-0625027 elementor-position-top sc_fly_static elementor-widget elementor-widget-image-box\" data-id=\"0625027\" data-element_type=\"widget\" data-e-type=\"widget\" data-widget_type=\"image-box.default\">\n\t\t\t\t<div class=\"elementor-widget-container\">\n\t\t\t\t\t<div class=\"elementor-image-box-wrapper\"><figure class=\"elementor-image-box-img\"><a href=\"\/es\/contact-us\/\" tabindex=\"-1\"><img fetchpriority=\"high\" decoding=\"async\" width=\"1024\" height=\"683\" src=\"https:\/\/www.abilitytohelp.com\/wp-content\/uploads\/2025\/04\/64519-1024x683.jpg\" class=\"attachment-large size-large wp-image-1441\" alt=\"\" srcset=\"https:\/\/www.abilitytohelp.com\/wp-content\/uploads\/2025\/04\/64519-1024x683.jpg 1024w, https:\/\/www.abilitytohelp.com\/wp-content\/uploads\/2025\/04\/64519-300x200.jpg 300w, https:\/\/www.abilitytohelp.com\/wp-content\/uploads\/2025\/04\/64519-768x512.jpg 768w, https:\/\/www.abilitytohelp.com\/wp-content\/uploads\/2025\/04\/64519-370x247.jpg 370w, https:\/\/www.abilitytohelp.com\/wp-content\/uploads\/2025\/04\/64519-840x560.jpg 840w, https:\/\/www.abilitytohelp.com\/wp-content\/uploads\/2025\/04\/64519-410x273.jpg 410w, https:\/\/www.abilitytohelp.com\/wp-content\/uploads\/2025\/04\/64519.jpg 1500w\" sizes=\"(max-width: 1024px) 100vw, 1024px\" \/><\/a><\/figure><div class=\"elementor-image-box-content\"><h3 class=\"elementor-image-box-title\"><a href=\"\/es\/contact-us\/\">Terapeuta ABA<\/a><\/h3><p class=\"elementor-image-box-description\">Si desea postularse como terapeuta ABA, trabajar\u00e1 con ni\u00f1os. Tendr\u00e1 un trato personalizado con ellos y disfrutar\u00e1 de excelentes beneficios. Trabajar\u00e1 en un entorno laboral flexible y de apoyo, con beneficios est\u00e1ndar, adem\u00e1s de la posibilidad de mudarse en cualquier momento, aumentos salariales regulares y m\u00e1s.\nSi es biling\u00fce o domina el lenguaje de se\u00f1as americano (ASL), recibir\u00e1 solicitudes preferenciales. Los salarios y beneficios son similares para todos los puestos.<\/p><\/div><\/div>\t\t\t\t<\/div>\n\t\t\t\t<\/div>\n\t\t\t\t<div class=\"elementor-element elementor-element-9049d63 sc_fly_static elementor-widget elementor-widget-spacer\" data-id=\"9049d63\" data-element_type=\"widget\" data-e-type=\"widget\" data-widget_type=\"spacer.default\">\n\t\t\t\t<div class=\"elementor-widget-container\">\n\t\t\t\t\t\t\t<div class=\"elementor-spacer\">\n\t\t\t<div class=\"elementor-spacer-inner\"><\/div>\n\t\t<\/div>\n\t\t\t\t\t\t<\/div>\n\t\t\t\t<\/div>\n\t\t\t\t\t<\/div>\n\t\t<\/div>\n\t\t\t\t<div class=\"elementor-column elementor-col-50 elementor-top-column elementor-element elementor-element-bbf91e5 sc_content_align_inherit sc_layouts_column_icons_position_left sc_fly_static\" data-id=\"bbf91e5\" data-element_type=\"column\" data-e-type=\"column\">\n\t\t\t<div class=\"elementor-widget-wrap elementor-element-populated\">\n\t\t\t\t\t\t<div class=\"elementor-element elementor-element-d24ecdf elementor-position-top sc_fly_static elementor-widget elementor-widget-image-box\" data-id=\"d24ecdf\" data-element_type=\"widget\" data-e-type=\"widget\" data-widget_type=\"image-box.default\">\n\t\t\t\t<div class=\"elementor-widget-container\">\n\t\t\t\t\t<div class=\"elementor-image-box-wrapper\"><figure class=\"elementor-image-box-img\"><a href=\"\/es\/contact-us\/\" tabindex=\"-1\"><img decoding=\"async\" width=\"1024\" height=\"683\" src=\"https:\/\/www.abilitytohelp.com\/wp-content\/uploads\/2025\/04\/2148026293-1024x683.jpg\" class=\"attachment-large size-large wp-image-1423\" alt=\"\" srcset=\"https:\/\/www.abilitytohelp.com\/wp-content\/uploads\/2025\/04\/2148026293-1024x683.jpg 1024w, https:\/\/www.abilitytohelp.com\/wp-content\/uploads\/2025\/04\/2148026293-300x200.jpg 300w, https:\/\/www.abilitytohelp.com\/wp-content\/uploads\/2025\/04\/2148026293-768x513.jpg 768w, https:\/\/www.abilitytohelp.com\/wp-content\/uploads\/2025\/04\/2148026293-370x247.jpg 370w, https:\/\/www.abilitytohelp.com\/wp-content\/uploads\/2025\/04\/2148026293-840x561.jpg 840w, https:\/\/www.abilitytohelp.com\/wp-content\/uploads\/2025\/04\/2148026293-410x274.jpg 410w, https:\/\/www.abilitytohelp.com\/wp-content\/uploads\/2025\/04\/2148026293.jpg 1500w\" sizes=\"(max-width: 1024px) 100vw, 1024px\" \/><\/a><\/figure><div class=\"elementor-image-box-content\"><h3 class=\"elementor-image-box-title\"><a href=\"\/es\/contact-us\/\">BcaBA<\/a><\/h3><p class=\"elementor-image-box-description\">Si planea postularse como analista de conducta certificado por la junta (BCBA), desempe\u00f1ar\u00e1 muchas de las mismas funciones que un terapeuta ABA. La principal diferencia es que no ser\u00e1 asistente, sino analista de conducta. Trabaja a tiempo parcial. Se le exigir\u00e1n est\u00e1ndares m\u00e1s altos, con conocimientos t\u00e9cnicos y profesionales. Ambos puestos requieren experiencia en RCP y primeros auxilios, as\u00ed como la capacidad de aprobar una verificaci\u00f3n de antecedentes penales. Si es biling\u00fce o domina el lenguaje de se\u00f1as americano (ASL), recibir\u00e1 solicitudes preferenciales. Los salarios y beneficios son similares para todos los puestos.<\/p><\/div><\/div>\t\t\t\t<\/div>\n\t\t\t\t<\/div>\n\t\t\t\t<div class=\"elementor-element elementor-element-57b7be7 sc_fly_static elementor-widget elementor-widget-spacer\" data-id=\"57b7be7\" data-element_type=\"widget\" data-e-type=\"widget\" data-widget_type=\"spacer.default\">\n\t\t\t\t<div class=\"elementor-widget-container\">\n\t\t\t\t\t\t\t<div class=\"elementor-spacer\">\n\t\t\t<div class=\"elementor-spacer-inner\"><\/div>\n\t\t<\/div>\n\t\t\t\t\t\t<\/div>\n\t\t\t\t<\/div>\n\t\t\t\t\t<\/div>\n\t\t<\/div>\n\t\t\t\t\t<\/div>\n\t\t<\/section>\n\t\t\t\t<section class=\"elementor-section elementor-top-section elementor-element elementor-element-4be9643 scheme_dark elementor-section-boxed elementor-section-height-default elementor-section-height-default sc_fly_static\" data-id=\"4be9643\" data-element_type=\"section\" data-e-type=\"section\" data-settings=\"{&quot;background_background&quot;:&quot;video&quot;,&quot;background_video_link&quot;:&quot;https:\\\/\\\/www.abilitytohelp.com\\\/wp-content\\\/uploads\\\/2025\\\/04\\\/5086523_Boy_Child_1280x720.mp4&quot;,&quot;background_video_start&quot;:1,&quot;background_play_on_mobile&quot;:&quot;yes&quot;,&quot;background_privacy_mode&quot;:&quot;yes&quot;,&quot;_ha_eqh_enable&quot;:false}\">\n\t\t\t\t\t\t\t\t<div class=\"elementor-background-video-container\">\n\t\t\t\t\t\t\t\t\t\t\t\t\t<video class=\"elementor-background-video-hosted\" role=\"presentation\" autoplay muted playsinline loop><\/video>\n\t\t\t\t\t\t\t\t\t\t\t<\/div>\n\t\t\t\t\t\t\t\t<div class=\"elementor-container elementor-column-gap-default\">\n\t\t\t\t\t<div class=\"elementor-column elementor-col-100 elementor-top-column elementor-element elementor-element-f401e26 sc_layouts_column_align_right sc_layouts_column sc-mobile_layouts_column_align_left sc_layouts_column sc_content_align_inherit sc_layouts_column_icons_position_left sc_fly_static\" data-id=\"f401e26\" data-element_type=\"column\" data-e-type=\"column\">\n\t\t\t<div class=\"elementor-widget-wrap elementor-element-populated\">\n\t\t\t\t\t\t<div class=\"elementor-element elementor-element-526dabd sc_fly_static elementor-widget elementor-widget-spacer\" data-id=\"526dabd\" data-element_type=\"widget\" data-e-type=\"widget\" data-widget_type=\"spacer.default\">\n\t\t\t\t<div class=\"elementor-widget-container\">\n\t\t\t\t\t\t\t<div class=\"elementor-spacer\">\n\t\t\t<div class=\"elementor-spacer-inner\"><\/div>\n\t\t<\/div>\n\t\t\t\t\t\t<\/div>\n\t\t\t\t<\/div>\n\t\t\t\t<div class=\"elementor-element elementor-element-7a9de9b sc_fly_static elementor-widget elementor-widget-heading\" data-id=\"7a9de9b\" data-element_type=\"widget\" data-e-type=\"widget\" data-widget_type=\"heading.default\">\n\t\t\t\t<div class=\"elementor-widget-container\">\n\t\t\t\t\t<h4 class=\"elementor-heading-title elementor-size-default\">Perseguir tu salud es nuestra pasi\u00f3n<\/h4>\t\t\t\t<\/div>\n\t\t\t\t<\/div>\n\t\t\t\t<div class=\"elementor-element elementor-element-8c26ab4 sc_fly_static elementor-widget elementor-widget-text-editor\" data-id=\"8c26ab4\" data-element_type=\"widget\" data-e-type=\"widget\" data-widget_type=\"text-editor.default\">\n\t\t\t\t<div class=\"elementor-widget-container\">\n\t\t\t\t\t\t\t\t\t<p>Ll\u00e1manos o reserva tu cita hoy<\/p>\t\t\t\t\t\t\t\t<\/div>\n\t\t\t\t<\/div>\n\t\t\t\t<div class=\"elementor-element elementor-element-6c1e013 sc_fly_static elementor-widget elementor-widget-eael-creative-button\" data-id=\"6c1e013\" data-element_type=\"widget\" data-e-type=\"widget\" data-widget_type=\"eael-creative-button.default\">\n\t\t\t\t<div class=\"elementor-widget-container\">\n\t\t\t\t\t        <div class=\"eael-creative-button-wrapper\">\n\n            <a class=\"eael-creative-button eael-creative-button--default\" href=\"\/es\/contact-us\/\" data-text=\"Go!\">\n            \t    \n                <div class=\"creative-button-inner\">\n\n                    \n                    <span class=\"cretive-button-text\">Pedir una Cita<\/span>\n\n                                    <\/div>\n\t                        <\/a>\n        <\/div>\n        \t\t\t\t<\/div>\n\t\t\t\t<\/div>\n\t\t\t\t<div class=\"elementor-element elementor-element-4420c14 sc_fly_static elementor-widget elementor-widget-spacer\" data-id=\"4420c14\" data-element_type=\"widget\" data-e-type=\"widget\" data-widget_type=\"spacer.default\">\n\t\t\t\t<div class=\"elementor-widget-container\">\n\t\t\t\t\t\t\t<div class=\"elementor-spacer\">\n\t\t\t<div class=\"elementor-spacer-inner\"><\/div>\n\t\t<\/div>\n\t\t\t\t\t\t<\/div>\n\t\t\t\t<\/div>\n\t\t\t\t\t<\/div>\n\t\t<\/div>\n\t\t\t\t\t<\/div>\n\t\t<\/section>\n\t\t\t\t<\/div>","protected":false},"excerpt":{"rendered":"<p>Careers Your Career Starts here! ABA Therapist If you wish to apply as an ABA therapist, you will be working with children. You will work one-on-one with them, and you&hellip;<\/p>","protected":false},"author":1,"featured_media":0,"parent":0,"menu_order":0,"comment_status":"closed","ping_status":"closed","template":"elementor_header_footer","meta":{"_joinchat":[],"footnotes":""},"class_list":["post-210","page","type-page","status-publish","hentry"],"_links":{"self":[{"href":"https:\/\/www.abilitytohelp.com\/es\/wp-json\/wp\/v2\/pages\/210","targetHints":{"allow":["GET"]}}],"collection":[{"href":"https:\/\/www.abilitytohelp.com\/es\/wp-json\/wp\/v2\/pages"}],"about":[{"href":"https:\/\/www.abilitytohelp.com\/es\/wp-json\/wp\/v2\/types\/page"}],"author":[{"embeddable":true,"href":"https:\/\/www.abilitytohelp.com\/es\/wp-json\/wp\/v2\/users\/1"}],"replies":[{"embeddable":true,"href":"https:\/\/www.abilitytohelp.com\/es\/wp-json\/wp\/v2\/comments?post=210"}],"version-history":[{"count":49,"href":"https:\/\/www.abilitytohelp.com\/es\/wp-json\/wp\/v2\/pages\/210\/revisions"}],"predecessor-version":[{"id":1894,"href":"https:\/\/www.abilitytohelp.com\/es\/wp-json\/wp\/v2\/pages\/210\/revisions\/1894"}],"wp:attachment":[{"href":"https:\/\/www.abilitytohelp.com\/es\/wp-json\/wp\/v2\/media?parent=210"}],"curies":[{"name":"wp","href":"https:\/\/api.w.org\/{rel}","templated":true}]}}